{"id":55,"date":"2018-09-01T16:44:13","date_gmt":"2018-09-01T16:44:13","guid":{"rendered":"http:\/\/www.ogranicznikprzepiec.pl\/?page_id=55"},"modified":"2018-09-04T13:23:52","modified_gmt":"2018-09-04T13:23:52","slug":"spd-do-it","status":"publish","type":"page","link":"https:\/\/www.ogranicznikprzepiec.pl\/index.php\/spd-do-it\/","title":{"rendered":"Ochrona do AKP"},"content":{"rendered":"\n<p>Ochrona przed przepi\u0119ciami dla informatyki i telekomunikacji<\/p>\n\n\n\n<div class=\"wp-block-image\"><figure class=\"aligncenter is-resized\"><img loading=\"lazy\" decoding=\"async\" src=\"http:\/\/www.ogranicznikprzepiec.pl\/wp-content\/uploads\/2018\/09\/image-13.png\" alt=\"\" class=\"wp-image-112\" width=\"519\" height=\"358\" srcset=\"https:\/\/www.ogranicznikprzepiec.pl\/wp-content\/uploads\/2018\/09\/image-13.png 633w, https:\/\/www.ogranicznikprzepiec.pl\/wp-content\/uploads\/2018\/09\/image-13-300x207.png 300w, https:\/\/www.ogranicznikprzepiec.pl\/wp-content\/uploads\/2018\/09\/image-13-624x431.png 624w\" sizes=\"(max-width: 519px) 100vw, 519px\" \/><figcaption>DT-LAN-CAT.6+<\/figcaption><\/figure><\/div>\n\n\n\n<p>Niski poziom sygna\u0142\u00f3w przy wysokich<br\/>cz\u0119stotliwo\u015bciach wymaga specjalnych uk\u0142ad\u00f3w<br\/>ochronnych w systemach informatycznych<br\/>i telekomunikacyjnych. Ograniczniki<br\/>przepi\u0119\u0107 musz\u0105 gwarantowa\u0107, bez utraty jako\u015bci<br\/>sygna\u0142\u00f3w, kr\u00f3tkie czasy reakcji dla<br\/>szybkiego ograniczenia przepi\u0119\u0107 do niegro\u017anych<br\/>warto\u015bci. Ograniczniki TRABTECH<br\/>obs\u0142uguj\u0105 ponadto specyficzne z\u0142\u0105cza, np.<br\/>RJ45 lub wtyki D-SUB oraz wszystkie rodzaje<br\/>topologii sieci.<br\/>DATATRAB DT \u2013 uniwersalny ogranicznik<br\/>do ochrony z\u0142\u0105czy danych<br\/>DATATRAB zabezpiecza niezawodnie sieci<br\/>o najwi\u0119kszych szybko\u015bciach przesy\u0142u<br\/>przed szkodami spowodowanymi przepi\u0119ciami.<br\/>W jednym tylko urz\u0105dzeniu DT-LANCAT.<br\/>6+ obs\u0142uguje r\u00f3\u017cne protoko\u0142y danych<br\/>przy najwi\u0119kszych szybko\u015bciach transmisji,<br\/>jak Ethernet, \u201ePower over Ethernet\u201d (PoE),<br\/>ISDN, Token Ring oraz DS1.<br\/>Obudowa ma zatrzaskow\u0105 n\u00f3\u017ck\u0119 uziemiaj\u0105c\u0105,<br\/>w kt\u00f3rej jest w\u0142o\u017cona pokrywa przy\u0142\u0105cza<br\/>uziemienia z przewodem wyr\u00f3wnania<br\/>potencja\u0142\u00f3w. DATATRAB mo\u017cna stosowa\u0107<br\/>jako adapter lub po wyj\u0119ciu pokrywy przy\u0142\u0105cza<br\/>uziemienia jako modu\u0142 montowany na<br\/>szynie no\u015bnej.<br\/><br\/><\/p>\n\n\n\n<p><strong>R\u00f3\u017cnorodno\u015b\u0107<\/strong><br\/>Seria DATATRAB obejmuje ograniczniki<br\/>przepi\u0119\u0107 do r\u00f3\u017cnych zastosowa\u0144. Ograniczniki<br\/>instaluje si\u0119 po prostu pomi\u0119dzy \u015bcie\u017ck\u0105<br\/>sygna\u0142ow\u0105 ze z\u0142\u0105czami do RJ11\/12, RJ45,<br\/>D-SUB lub zaciskiem \u015brubowym.<br\/><strong>Szybko\u015b\u0107<\/strong><br\/>Zastosowanie w systemach informatycznych<br\/>o szybko\u015bci transmisji do 10 Gb\/s<br\/>(CAT6 \/ CLASS Ea) i w sieciach telekomunikacyjnych<br\/>50 Mb\/s (VDSL).<br\/><strong>Zastosowanie<\/strong><br\/>W naszej ofercie znajduj\u0105 si\u0119 ograniczniki<br\/>przepi\u0119\u0107 do wszystkich najpopularniejszych<br\/>zastosowa\u0144, np. Ethernet, Token Ring,<br\/>ISDN, DS1, DSL, telekomunikacja analogowa,<br\/>RS485, V.24, V.11, \u2026<br\/>Ograniczniki uwzgl\u0119dniaj\u0105 r\u00f3wnie\u017c<br\/>\u201ePower over Ethernet\u201d (PoE) w wersji A i B.<\/p>\n\n\n\n<p><br\/><\/p>\n","protected":false},"excerpt":{"rendered":"<p>Ochrona przed przepi\u0119ciami dla informatyki i telekomunikacji Niski poziom sygna\u0142\u00f3w przy wysokichcz\u0119stotliwo\u015bciach wymaga specjalnych uk\u0142ad\u00f3wochronnych w systemach informatycznychi telekomunikacyjnych. Ogranicznikiprzepi\u0119\u0107 musz\u0105 gwarantowa\u0107, bez utraty jako\u015bcisygna\u0142\u00f3w, kr\u00f3tkie czasy reakcji dlaszybkiego ograniczenia przepi\u0119\u0107 do niegro\u017anychwarto\u015bci. Ograniczniki TRABTECHobs\u0142uguj\u0105 ponadto specyficzne z\u0142\u0105cza, np.RJ45 lub wtyki D-SUB oraz wszystkie rodzajetopologii sieci.DATATRAB DT \u2013 uniwersalny ogranicznikdo ochrony z\u0142\u0105czy danychDATATRAB zabezpiecza niezawodnie [&hellip;]<\/p>\n","protected":false},"author":1,"featured_media":0,"parent":0,"menu_order":0,"comment_status":"closed","ping_status":"closed","template":"","meta":{"footnotes":""},"featured_image_src":null,"featured_image_src_square":null,"_links":{"self":[{"href":"https:\/\/www.ogranicznikprzepiec.pl\/index.php\/wp-json\/wp\/v2\/pages\/55"}],"collection":[{"href":"https:\/\/www.ogranicznikprzepiec.pl\/index.php\/wp-json\/wp\/v2\/pages"}],"about":[{"href":"https:\/\/www.ogranicznikprzepiec.pl\/index.php\/wp-json\/wp\/v2\/types\/page"}],"author":[{"embeddable":true,"href":"https:\/\/www.ogranicznikprzepiec.pl\/index.php\/wp-json\/wp\/v2\/users\/1"}],"replies":[{"embeddable":true,"href":"https:\/\/www.ogranicznikprzepiec.pl\/index.php\/wp-json\/wp\/v2\/comments?post=55"}],"version-history":[{"count":4,"href":"https:\/\/www.ogranicznikprzepiec.pl\/index.php\/wp-json\/wp\/v2\/pages\/55\/revisions"}],"predecessor-version":[{"id":114,"href":"https:\/\/www.ogranicznikprzepiec.pl\/index.php\/wp-json\/wp\/v2\/pages\/55\/revisions\/114"}],"wp:attachment":[{"href":"https:\/\/www.ogranicznikprzepiec.pl\/index.php\/wp-json\/wp\/v2\/media?parent=55"}],"curies":[{"name":"wp","href":"https:\/\/api.w.org\/{rel}","templated":true}]}}