{"id":53,"date":"2018-09-01T16:44:13","date_gmt":"2018-09-01T16:44:13","guid":{"rendered":"http:\/\/www.ogranicznikprzepiec.pl\/?page_id=53"},"modified":"2018-09-07T11:08:49","modified_gmt":"2018-09-07T11:08:49","slug":"spd-do-akpia","status":"publish","type":"page","link":"https:\/\/www.ogranicznikprzepiec.pl\/index.php\/spd-do-akpia\/","title":{"rendered":"Ochrona przed przepi\u0119ciami dla urz\u0105dze\u0144 AKP"},"content":{"rendered":"\r\n<figure class=\"wp-block-image\"><img loading=\"lazy\" decoding=\"async\" width=\"620\" height=\"447\" class=\"wp-image-98\" src=\"http:\/\/www.ogranicznikprzepiec.pl\/wp-content\/uploads\/2018\/09\/image-7.png\" alt=\"\" srcset=\"https:\/\/www.ogranicznikprzepiec.pl\/wp-content\/uploads\/2018\/09\/image-7.png 620w, https:\/\/www.ogranicznikprzepiec.pl\/wp-content\/uploads\/2018\/09\/image-7-300x216.png 300w\" sizes=\"(max-width: 620px) 100vw, 620px\" \/><figcaption>Termitrab<\/figcaption><\/figure>\r\n\r\n\r\n\r\n\r\n<span style=\"font-size: 12pt;\"><strong>Ograniczniki przepie\u0107 do sygna\u0142\u00f3w &#8211; aplikacje AKP\r\nTERMITRAB complete<\/strong><\/span> &#8211; Ochrona przed przepi\u0119ciami w najw\u0119\u017cszych obudowach\r\nModele o szeroko\u015bci od <strong>3,5<\/strong> <strong>mm<\/strong>\u00a0nadaj\u0105ce si\u0119 do niemal wszystkich zastosowa\u0144 w uk\u0142adach AKPiA. W zale\u017cno\u015bci od rodzaju chronionego sygna\u0142u seria ta zapewni dob\u00f3r optymalnej wersji uk\u0142adu.\r\n\r\n\r\n\r\n\r\n\r\n\r\n\r\n\r\n\r\n\r\n\r\n<strong>Sygnalizacja i od\u0142\u0105czanie<\/strong>\r\nMechaniczny wska\u017anik stanu pracuje bez dodatkowej energii pomocniczej i sygnalizuje od\u0142\u0105czenie chroni\u0105cego elementu w razie przeci\u0105\u017cenia. Umo\u017cliwia to sta\u0142\u0105 kontrol\u0119 stanu i wymian\u0119 przeci\u0105\u017conego urz\u0105dzenia zabezpieczaj\u0105cego.\r\n\r\n<strong>Sygnalizacja zdalna<\/strong>\r\nDzi\u0119ki dost\u0119pnym opcjonalnie modu\u0142om sygnalizacji zdalnej mo\u017cna zdecydowa\u0107 samodzielnie, czy i kiedy funkcja ta jest potrzebna.\r\nDo rozpocz\u0119cia monitorowania w p\u00f3\u017aniejszym czasie wystarczy pod\u0142\u0105czy\u0107\r\nmodu\u0142y sygnalizacji zdalnej do zainstalowanych wcze\u015bniej urz\u0105dze\u0144 zabezpieczaj\u0105cych. Je\u015bli w sytuacji przeci\u0105\u017cenia nast\u0105pi od\u0142\u0105czenie jednego z element\u00f3w, mechanizm oddzielaj\u0105cy zamyka kana\u0142 monitorowania i wysy\u0142any jest komunikat zbiorczy. Przeci\u0105\u017cone urz\u0105dzenie jest wykrywane lokalnie na postawie wska\u017anika stanu, dzia\u0142aj\u0105cego czysto mechanicznie bez energii pomocniczej.\r\n\r\n<strong>Uniwersalne zastosowanie<\/strong>\r\nDzi\u0119ki niewielkiej szeroko\u015bci od <strong>3,5 mm<\/strong> produkty z tej serii nadaj\u0105 si\u0119 idealnie do system\u00f3w technologicznych, bowiem w szafkach rozdzielczych wymagana jest cz\u0119sto bardzo wysoka g\u0119sto\u015b\u0107 upakowania. Na jednym metrze d\u0142ugo\u015bci mog\u0105 chroni\u0107 nawet <strong>572<\/strong> sygna\u0142y, co pozwala na zmniejszenie gabaryt\u00f3w szafy. R\u00f3\u017cne dopuszczenia umo\u017cliwiaj\u0105 zastosowanie w obiektach nabrze\u017cnych i morskich, np. w petrochemii lub energetyce wiatrowej. Szeroki asortyment TERMITRAB complete oferuje r\u00f3\u017cne w\u0142a\u015bciwo\u015bci, kt\u00f3re umo\u017cliwiaj\u0105 wyb\u00f3r optymalnego\r\nproduktu do swojego zastosowania. Zapewnia to optymaln\u0105 ochron\u0119 sygna\u0142\u00f3w przed przepi\u0119ciami od poziomu obiektu do poziomu sterowania.\r\n<strong>\r\nSzybkie oprzewodowanie<\/strong>\r\nUrz\u0105dzenia z serii TERMITRAB complete s\u0105 dost\u0119pne w wersji z tradycyjnymi zaciskami \u015brubowymi lub innowacyjnymi po\u0142\u0105czeniami Push-in. Zapewniaj\u0105 one szybk\u0105 i \u0142atw\u0105 instalacj\u0119 w szafie sterowniczej. Jednocze\u015bnie po\u0142\u0105czenia Push-in umo\u017cliwiaj\u0105 maszynowe oprzewodowanie urz\u0105dze\u0144 zabezpieczaj\u0105cych w ramach przysz\u0142ych inteligentnych automatyzuj\u0105cych produkcj\u0119 rozwi\u0105za\u0144.\r\n<strong>\r\nOd\u0142\u0105cznik no\u017cowy<\/strong>\r\nZintegrowany od\u0142\u0105cznik no\u017cowy umo\u017cliwia rozdzielanie \u015bcie\u017cek sygna\u0142owych, np. w celu pomiaru izolacji. Otwart\u0105 \u015bcie\u017ck\u0119 sygna\u0142ow\u0105 mo\u017cna rozpozna\u0107 wyra\u017anie po wystaj\u0105cych \u015brubkach funkcyjnych. S\u0105 one zabezpieczone przed przekr\u0119ceniem.\r\n\r\n<strong>Opcjonalna zdalna sygnalizacja<\/strong><strong>optyczna<\/strong>\r\nOpcjonalne modu\u0142y zdalnej sygnalizacji umo\u017cliwiaj\u0105 optyczne monitorowanie do 40 urz\u0105dze\u0144 zabezpieczaj\u0105cych. Bez dodatkowego oprzewodowania mo\u017cna w prosty spos\u00f3b dodawa\u0107 kolejne urz\u0105dzenia zabezpieczaj\u0105ce do nadzorowania.\r\n\r\n\r\n\r\n\r\n\r\n\r\n\r\n\r\n<figure class=\"wp-block-image\"><img loading=\"lazy\" decoding=\"async\" width=\"367\" height=\"374\" class=\"wp-image-105\" src=\"http:\/\/www.ogranicznikprzepiec.pl\/wp-content\/uploads\/2018\/09\/image-11.png\" alt=\"\" srcset=\"https:\/\/www.ogranicznikprzepiec.pl\/wp-content\/uploads\/2018\/09\/image-11.png 367w, https:\/\/www.ogranicznikprzepiec.pl\/wp-content\/uploads\/2018\/09\/image-11-294x300.png 294w\" sizes=\"(max-width: 367px) 100vw, 367px\" \/><\/figure>\r\n\r\n\r\n\r\n\r\n<strong>Pod\u0142\u0105cz, wyci\u0105gnij i zmierz<\/strong>\r\nWyj\u0119cie wtyku przed cyklicznym badaniem odbywa si\u0119 bez istotnego wp\u0142ywu na impedancj\u0119 toru sygna\u0142owego. Sygna\u0142y nie s\u0105 przerywane i nawet sterowniki nie wykrywaj\u0105 zmiany impedancji obwod\u00f3w pomiarowych. Do kontroli i dokumentowania stosuje si\u0119 urz\u0105dzenie CHECKMASTER 2. Je\u015bli jest konieczna wymiana, uszkodzony wtyk wymienia si\u0119 w prosty spos\u00f3b bez ingerencji w instalacj\u0119.\r\n\r\n<strong>Oferta do wszystkich zastosowa\u0144<\/strong>\r\nOferta si\u0119ga od jednostopniowych urz\u0105dze\u0144 zabezpieczaj\u0105cych po wielostopniowe wersje wtykane. Program uzupe\u0142niaj\u0105 wersje do r\u00f3\u017cnych napi\u0119\u0107 i uk\u0142ad\u00f3w zoptymalizowane do r\u00f3\u017cnych zastosowa\u0144 i r\u00f3\u017cnych sposob\u00f3w pod\u0142\u0105czenia.\r\n\r\n<strong>Uniwersalno\u015b\u0107<\/strong>\r\nNiekt\u00f3re zastosowania wymagaj\u0105 specjalnych test\u00f3w i dopuszcze\u0144. TERMITRAB complete spe\u0142nia wymagania Underwriters Laboratories (UL). Dodatkowe s\u0105 dost\u0119pne wersje z dopuszczeniem ATEX, IEC Ex i GL.\r\n\r\n\r\n\r\n\r\n<p style=\"font-size: 24px;\"><span style=\"font-size: 14pt;\"><strong>PLUGTRAB PT-IQ<\/strong><\/span><\/p>\r\n\r\n\r\n\r\n\r\n\r\n\r\nPLUGTRAB PT-IQ &#8211; inteligentne, systemowe zabezpieczenie przedprzepi\u0119ciami Rodzina produkt\u00f3w PLUGTRAB PT-IQ po raz pierwszy oferuje przewiduj\u0105ce monitorowanie funkcji dla urz\u0105dze\u0144 AKP chroni\u0105cych przed przepi\u0119ciami. System ochrony przed przepi\u0119ciami jest naszpikowany wieloma kolejnymi w\u0142a\u015bciwo\u015bciami &#8211; absolutna nowo\u015b\u0107 firmy Phoenix Contact. Zawsze wiadomo, co si\u0119 dzieje &#8211; przewiduj\u0105cy monitoring Poszczeg\u00f3lne elementy konstrukcyjne urz\u0105dze\u0144 ochronnych s\u0105 stale kontrolowane. Osi\u0105gniecie granicy wydajno\u015bci spowodowanej cz\u0119stymi przepi\u0119ciami sygnalizowane jest \u017c\u00f3\u0142tym sygna\u0142em stanu. Ochronniki s\u0105 wtedy sprawne a instalacja jest w dalszym ci\u0105gu chroniona. Zaleca si\u0119 jednak wymian\u0119 wtyku ochronnego. Dzi\u0119ki temu w dalszym ci\u0105gu mo\u017cna odpowiednio wcze\u015bnie wymieni\u0107 zabezpieczenie przed przepi\u0119ciami na nowe, zanim jeszcze dojdzie do przeci\u0105\u017cenia wtyku ochronnego (czerwony sygna\u0142). Dzi\u0119ki sygnalizacji zdalnej mo\u017cna w dowolnym miejscu i czasie sprawdzi\u0107 poziom ochrony instalacji.\r\n\r\n<span style=\"font-size: 12pt;\"><strong>Pewna i bezb\u0142\u0119dna instalacja<\/strong><\/span>\r\nPLUGTRAB PT-IQ minimalizuje koszt i czas okablowania. Jest to mo\u017cliwe dzi\u0119ki \u0142\u0105cznikowi magistrali na szyn\u0119 no\u015bn\u0105 (TBUS), kt\u00f3ry montuje si\u0119 na zatrzask na szynie. Kontroler przejmuje zadanie rozprowadzenia zasilania i realizuje poprzez TBUS zdaln\u0105 sygnalizacj\u0119 wszystkich pod\u0142\u0105czonych ogranicznik\u00f3w przepi\u0119\u0107. Nast\u0119pnie wystarczy ju\u017c tylko zainstalowa\u0107 ograniczniki przepi\u0119\u0107 na TBUS \u2013 gotowe! Wtyczka i gniazdo s\u0105 kodowane, dzi\u0119ki czemu podczas wymiany nie ma ryzyka niew\u0142a\u015bciwej instalacji. Rozszerzenia bez ogranicze\u0144 Kontroler monitoruje wszystkie ograniczniki po\u0142\u0105czone z nim za pomoc\u0105 magistrali TBUS. Po\u0142\u0105czenie magistrali T-BUS poprzez kilka szyn no\u015bnych pozwala na monitorowanie jeszcze kilku innych urz\u0105dze\u0144 ochronnych. Po 28 modu\u0142ach konieczne jest zainstalowanie kolejnego kontrolera do zasilania. Zdalna sygnalizacja jest mo\u017cliwa od ka\u017cdego kontrolera w systemie. Inne ograniczniki przepi\u0119\u0107 PLUGTRAB PT to wtykane ograniczniki bez zdalnej sygnalizacji, r\u00f3wnie\u017c w wersji do iskrobezpiecznych obwod\u00f3w sygna\u0142owych. Wielostopniowe z\u0142\u0105cza rz\u0119dowe serii TERMITRAB i LINETRAB o szeroko\u015bci zaledwie 6,2 mm zapewniaj\u0105 ochron\u0119 Maks. czterech przewod\u00f3w sygna\u0142owych. Modu\u0142y przykr\u0119cane SURGETRAB instaluje si\u0119 bezpo\u015brednio na czujnikach, dzi\u0119ki czemu zapewniaj\u0105 niezawodn\u0105 ochron\u0119 r\u00f3wnie\u017c w strefie EX-i i Ex-d. Produkty COMTRAB modular s\u0105 przeznaczone specjalnie do paneli krosowniczych.\r\n\r\n\r\n\r\n\r\n\r\nKomunikat zbiorczy\r\n\u2013 Zielony: urz\u0105dzenie zabezpieczaj\u0105ce dzia\u0142a prawid\u0142owo\r\n\u2013 \u017b\u00f3\u0142ty: osi\u0105gni\u0119to granic\u0119 skuteczno\u015bci, zalecana wymiana\r\n\u2013 Czerwony: urz\u0105dzenie zabezpieczaj\u0105ce przeci\u0105\u017cone, konieczna wymiana\r\n\r\nWielopoziomowa zdalna sygnalizacja\r\n\r\n\r\n\r\n\r\n\r\n\u0141\u0105czymy sygnalizacj\u0119 zdaln\u0105 z kontrolerem, kt\u00f3ry s\u0142u\u017cy jako modu\u0142 zasilaj\u0105cosygnalizuj\u0105cy. Status jest sygnalizowany wg priorytetu w kolorze czerwonym, \u017c\u00f3\u0142tym, zielonym. Dzi\u0119ki temu wiadomo co si\u0119 dzieje a bezpiecze\u0144stwo instalacji jest pod sta\u0142\u0105 kontrol\u0105. TBUS \u2013 \u0142\u0105cznik magistrali na szyn\u0119 no\u015bn\u0105 \u0141\u0105cznik magistrali na szyn\u0119 no\u015bn\u0105 (TBUS) zapewnia zasilanie modu\u0142\u00f3w ochronnych i przesy\u0142a informacje o statusie ka\u017cdego ogranicznika do sterownika. Zaleta dla u\u017cytkownik\u00f3w \u2013 mniejszy koszt okablowania oraz szybsza i bezb\u0142\u0119dna realizacja ochrony przed przepi\u0119ciami. Do strefy Ex 2 PLUGTRAB PT-IQ Ex to pierwsze urz\u0105dzenia ochronne z wielostopniowym monitorowaniem i sygnalizacj\u0105 zdaln\u0105, kt\u00f3re mo\u017cna instalowa\u0107 bezpo\u015brednio w strefie zagro\u017cenia wybuchowego Ex 2. Iskrobezpieczne obwody ochronne mo\u017cna uk\u0142ada\u0107 do strefy Ex 0. Systemy specjalne Ochron\u0119 urz\u0105dze\u0144 w obiekcie mo\u017cna zrealizowa\u0107 bezpo\u015brednio na czujniku za pomoc\u0105 modu\u0142\u00f3w przykr\u0119canych SURGETRAB.\r\n\r\n\r\n\r\n\r\n\r\n","protected":false},"excerpt":{"rendered":"<p>Ograniczniki przepie\u0107 do sygna\u0142\u00f3w &#8211; aplikacje AKP TERMITRAB complete &#8211; Ochrona przed przepi\u0119ciami w najw\u0119\u017cszych obudowach Modele o szeroko\u015bci od 3,5 mm\u00a0nadaj\u0105ce si\u0119 do niemal wszystkich zastosowa\u0144 w uk\u0142adach AKPiA. W zale\u017cno\u015bci od rodzaju chronionego sygna\u0142u seria ta zapewni dob\u00f3r optymalnej wersji uk\u0142adu. Sygnalizacja i od\u0142\u0105czanie Mechaniczny wska\u017anik stanu pracuje bez dodatkowej energii pomocniczej i [&hellip;]<\/p>\n","protected":false},"author":1,"featured_media":0,"parent":0,"menu_order":0,"comment_status":"closed","ping_status":"closed","template":"","meta":{"footnotes":""},"featured_image_src":null,"featured_image_src_square":null,"_links":{"self":[{"href":"https:\/\/www.ogranicznikprzepiec.pl\/index.php\/wp-json\/wp\/v2\/pages\/53"}],"collection":[{"href":"https:\/\/www.ogranicznikprzepiec.pl\/index.php\/wp-json\/wp\/v2\/pages"}],"about":[{"href":"https:\/\/www.ogranicznikprzepiec.pl\/index.php\/wp-json\/wp\/v2\/types\/page"}],"author":[{"embeddable":true,"href":"https:\/\/www.ogranicznikprzepiec.pl\/index.php\/wp-json\/wp\/v2\/users\/1"}],"replies":[{"embeddable":true,"href":"https:\/\/www.ogranicznikprzepiec.pl\/index.php\/wp-json\/wp\/v2\/comments?post=53"}],"version-history":[{"count":11,"href":"https:\/\/www.ogranicznikprzepiec.pl\/index.php\/wp-json\/wp\/v2\/pages\/53\/revisions"}],"predecessor-version":[{"id":125,"href":"https:\/\/www.ogranicznikprzepiec.pl\/index.php\/wp-json\/wp\/v2\/pages\/53\/revisions\/125"}],"wp:attachment":[{"href":"https:\/\/www.ogranicznikprzepiec.pl\/index.php\/wp-json\/wp\/v2\/media?parent=53"}],"curies":[{"name":"wp","href":"https:\/\/api.w.org\/{rel}","templated":true}]}}