{"id":208,"date":"2018-11-01T20:26:48","date_gmt":"2018-11-01T20:26:48","guid":{"rendered":"http:\/\/www.ogranicznikprzepiec.pl\/?page_id=208"},"modified":"2018-11-02T10:43:33","modified_gmt":"2018-11-02T10:43:33","slug":"katalogi","status":"publish","type":"page","link":"https:\/\/www.ogranicznikprzepiec.pl\/index.php\/katalogi\/","title":{"rendered":"KATALOGI"},"content":{"rendered":"<table style=\"border-collapse: collapse; width: 100%;\" border=\"1\">\n<tbody>\n<tr>\n<td style=\"width: 50%;\"><a href=\"http:\/\/www.ogranicznikprzepiec.pl\/wp-content\/uploads\/2018\/11\/KATALOG_4_2017_PL.pdf\"><img loading=\"lazy\" decoding=\"async\" class=\"alignnone size-full wp-image-209\" src=\"http:\/\/www.ogranicznikprzepiec.pl\/wp-content\/uploads\/2018\/11\/Zasilacze-ograniczniki-przepi\u0119\u0107.png\" alt=\"\" width=\"565\" height=\"658\" srcset=\"https:\/\/www.ogranicznikprzepiec.pl\/wp-content\/uploads\/2018\/11\/Zasilacze-ograniczniki-przepi\u0119\u0107.png 565w, https:\/\/www.ogranicznikprzepiec.pl\/wp-content\/uploads\/2018\/11\/Zasilacze-ograniczniki-przepi\u0119\u0107-258x300.png 258w\" sizes=\"(max-width: 565px) 100vw, 565px\" \/><\/a><\/p>\n<p style=\"text-align: center;\">Katalog 2018<\/p>\n<\/td>\n<td style=\"width: 50%;\"><a href=\"http:\/\/www.ogranicznikprzepiec.pl\/wp-content\/uploads\/2018\/11\/Ochrona-przed-przepi\u0119ciami-folder-skr\u00f3cony.pdf\"><img loading=\"lazy\" decoding=\"async\" class=\"alignnone wp-image-213\" src=\"http:\/\/www.ogranicznikprzepiec.pl\/wp-content\/uploads\/2018\/11\/Ochrona-przed-przepi\u0119ciami-do-wszelkich-aplikacji.png\" alt=\"\" width=\"308\" height=\"316\" srcset=\"https:\/\/www.ogranicznikprzepiec.pl\/wp-content\/uploads\/2018\/11\/Ochrona-przed-przepi\u0119ciami-do-wszelkich-aplikacji.png 589w, https:\/\/www.ogranicznikprzepiec.pl\/wp-content\/uploads\/2018\/11\/Ochrona-przed-przepi\u0119ciami-do-wszelkich-aplikacji-293x300.png 293w\" sizes=\"(max-width: 308px) 100vw, 308px\" \/><\/a><\/p>\n<p style=\"text-align: center;\">Katalog ograniczniki przepi\u0119\u0107<br \/>\nskr\u00f3cony<\/p>\n<\/td>\n<\/tr>\n<tr>\n<td style=\"width: 50%;\"><\/td>\n<td style=\"width: 50%;\"><\/td>\n<\/tr>\n<tr>\n<td style=\"width: 50%;\"><a href=\"http:\/\/www.ogranicznikprzepiec.pl\/wp-content\/uploads\/2018\/11\/Podstawy-ochrony-przed-przepi\u0119ciami.pdf\"><img loading=\"lazy\" decoding=\"async\" class=\"alignnone size-full wp-image-217\" src=\"http:\/\/www.ogranicznikprzepiec.pl\/wp-content\/uploads\/2018\/11\/Podstawy-ochrony-przed-przepi\u0119ciami.png\" alt=\"\" width=\"553\" height=\"682\" srcset=\"https:\/\/www.ogranicznikprzepiec.pl\/wp-content\/uploads\/2018\/11\/Podstawy-ochrony-przed-przepi\u0119ciami.png 553w, https:\/\/www.ogranicznikprzepiec.pl\/wp-content\/uploads\/2018\/11\/Podstawy-ochrony-przed-przepi\u0119ciami-243x300.png 243w\" sizes=\"(max-width: 553px) 100vw, 553px\" \/><\/a><\/p>\n<p style=\"text-align: center;\">Podstawy ochrony<\/p>\n<\/td>\n<td style=\"width: 50%;\"><a href=\"http:\/\/www.ogranicznikprzepiec.pl\/wp-content\/uploads\/2018\/11\/Ochrona-przed-przepi\u0119ciami-odkryta-na-nowo.pdf\"><img loading=\"lazy\" decoding=\"async\" class=\"alignnone size-full wp-image-220\" src=\"http:\/\/www.ogranicznikprzepiec.pl\/wp-content\/uploads\/2018\/11\/Ochrona-przed-przepi\u0119ciami-seria-SEC.png\" alt=\"\" width=\"550\" height=\"616\" srcset=\"https:\/\/www.ogranicznikprzepiec.pl\/wp-content\/uploads\/2018\/11\/Ochrona-przed-przepi\u0119ciami-seria-SEC.png 550w, https:\/\/www.ogranicznikprzepiec.pl\/wp-content\/uploads\/2018\/11\/Ochrona-przed-przepi\u0119ciami-seria-SEC-268x300.png 268w\" sizes=\"(max-width: 550px) 100vw, 550px\" \/><\/a><\/p>\n<p>Ochrona przed przepi\u0119ciami &#8211; seria\u00a0SEC z ogranicznikiem kombinowanym<\/td>\n<\/tr>\n<tr>\n<td style=\"width: 50%;\"><\/td>\n<td style=\"width: 50%;\"><\/td>\n<\/tr>\n<tr>\n<td style=\"width: 50%;\"><a href=\"http:\/\/www.ogranicznikprzepiec.pl\/wp-content\/uploads\/2018\/11\/Ogranicznik-przepie\u0107-do-sygna\u0142\u00f3w-TERMITRAB.pdf\"><img loading=\"lazy\" decoding=\"async\" class=\"alignnone size-full wp-image-223\" src=\"http:\/\/www.ogranicznikprzepiec.pl\/wp-content\/uploads\/2018\/11\/Ogranicznik-przepi\u0119\u0107-do-sygna\u0142\u00f3w.png\" alt=\"\" width=\"517\" height=\"630\" srcset=\"https:\/\/www.ogranicznikprzepiec.pl\/wp-content\/uploads\/2018\/11\/Ogranicznik-przepi\u0119\u0107-do-sygna\u0142\u00f3w.png 517w, https:\/\/www.ogranicznikprzepiec.pl\/wp-content\/uploads\/2018\/11\/Ogranicznik-przepi\u0119\u0107-do-sygna\u0142\u00f3w-246x300.png 246w\" sizes=\"(max-width: 517px) 100vw, 517px\" \/><\/a><\/p>\n<p style=\"text-align: center;\">Ochrona sygna\u0142\u00f3w<\/p>\n<\/td>\n<td style=\"width: 50%;\"><a href=\"http:\/\/www.ogranicznikprzepiec.pl\/wp-content\/uploads\/2018\/11\/Ochrona-instalacji-domowych-ograniczniki-przepi\u0119\u0107.pdf\"><img loading=\"lazy\" decoding=\"async\" class=\"alignnone size-full wp-image-225\" src=\"http:\/\/www.ogranicznikprzepiec.pl\/wp-content\/uploads\/2018\/11\/Ochrona-instalacji-domowych.png\" alt=\"\" width=\"530\" height=\"630\" srcset=\"https:\/\/www.ogranicznikprzepiec.pl\/wp-content\/uploads\/2018\/11\/Ochrona-instalacji-domowych.png 530w, https:\/\/www.ogranicznikprzepiec.pl\/wp-content\/uploads\/2018\/11\/Ochrona-instalacji-domowych-252x300.png 252w\" sizes=\"(max-width: 530px) 100vw, 530px\" \/><\/a><\/p>\n<p style=\"text-align: center;\">Ochrona instalacji domowych<\/p>\n<\/td>\n<\/tr>\n<\/tbody>\n<\/table>\n","protected":false},"excerpt":{"rendered":"<p>Katalog 2018 Katalog ograniczniki przepi\u0119\u0107 skr\u00f3cony Podstawy ochrony Ochrona przed przepi\u0119ciami &#8211; seria\u00a0SEC z ogranicznikiem kombinowanym Ochrona sygna\u0142\u00f3w Ochrona instalacji domowych<\/p>\n","protected":false},"author":1,"featured_media":0,"parent":0,"menu_order":0,"comment_status":"closed","ping_status":"closed","template":"","meta":{"footnotes":""},"featured_image_src":null,"featured_image_src_square":null,"_links":{"self":[{"href":"https:\/\/www.ogranicznikprzepiec.pl\/index.php\/wp-json\/wp\/v2\/pages\/208"}],"collection":[{"href":"https:\/\/www.ogranicznikprzepiec.pl\/index.php\/wp-json\/wp\/v2\/pages"}],"about":[{"href":"https:\/\/www.ogranicznikprzepiec.pl\/index.php\/wp-json\/wp\/v2\/types\/page"}],"author":[{"embeddable":true,"href":"https:\/\/www.ogranicznikprzepiec.pl\/index.php\/wp-json\/wp\/v2\/users\/1"}],"replies":[{"embeddable":true,"href":"https:\/\/www.ogranicznikprzepiec.pl\/index.php\/wp-json\/wp\/v2\/comments?post=208"}],"version-history":[{"count":6,"href":"https:\/\/www.ogranicznikprzepiec.pl\/index.php\/wp-json\/wp\/v2\/pages\/208\/revisions"}],"predecessor-version":[{"id":227,"href":"https:\/\/www.ogranicznikprzepiec.pl\/index.php\/wp-json\/wp\/v2\/pages\/208\/revisions\/227"}],"wp:attachment":[{"href":"https:\/\/www.ogranicznikprzepiec.pl\/index.php\/wp-json\/wp\/v2\/media?parent=208"}],"curies":[{"name":"wp","href":"https:\/\/api.w.org\/{rel}","templated":true}]}}