{"id":181,"date":"2018-11-01T12:18:21","date_gmt":"2018-11-01T12:18:21","guid":{"rendered":"http:\/\/www.ogranicznikprzepiec.pl\/?page_id=181"},"modified":"2018-11-01T12:25:31","modified_gmt":"2018-11-01T12:25:31","slug":"ogranicznik-przepiec-do-fotowoltaiki","status":"publish","type":"page","link":"https:\/\/www.ogranicznikprzepiec.pl\/index.php\/ogranicznik-przepiec-do-fotowoltaiki\/","title":{"rendered":"SPD do Fotowoltaiki"},"content":{"rendered":"<h2>Opisane sytuacje i rozwi\u0105zania s\u0105 zgodne z najnowsz\u0105 norm\u0105\u00a0<em><strong>IEC 61643-32<\/strong><\/em><\/h2>\n<p>Czynniki wp\u0142ywaj\u0105ce na ilo\u015b\u0107 i typ ogranicznik\u00f3w przepi\u0119\u0107 jakie nale\u017cy zastosowa\u0107 oraz miejsce ich instalacji:<\/p>\n<ul>\n<li>typu i po\u0142o\u017cenie obiektu<\/li>\n<li>obecno\u015bci lub brak instalacji odgromowej\u00a0<strong>LPS<\/strong>\u00a0(ang. Lightning Protection System),<\/li>\n<li>d\u0142ugo\u015bci przewod\u00f3w po\u0142\u0105czeniowych,<\/li>\n<li>mo\u017cliwo\u015bci zachowania dystansu separacyjnego pomi\u0119dzy piorunochronem a instalacj\u0105 fotowoltaiczn\u0105.<\/li>\n<\/ul>\n<div id=\"attachment_172\" style=\"width: 590px\" class=\"wp-caption alignnone\"><img loading=\"lazy\" decoding=\"async\" aria-describedby=\"caption-attachment-172\" class=\"wp-image-172\" src=\"http:\/\/www.ogranicznikprzepiec.pl\/wp-content\/uploads\/2018\/11\/IEC-61643-32.jpeg\" alt=\"\" width=\"580\" height=\"413\" \/><p id=\"caption-attachment-172\" class=\"wp-caption-text\">Obiekt z zewn\u0119trzn\u0105 instalacj\u0105 odgromow\u0105, brakiem mo\u017cliwo\u015bci zachowania dystansu separacyjnego pomi\u0119dzy panelami i instalacj\u0105 odgromow\u0105 oraz z d\u0142ugimi przewodami \u226510m. SPD \u2013 Ogranicznik przepie\u0107 (ang. Surge Protective Device)<\/p><\/div>\n<h2><strong>Tabela: jakie ograniczniki przepi\u0119\u0107 nale\u017cy zastosowa\u0107 w zale\u017cno\u015bci od instalacji:<\/strong><\/h2>\n<div id=\"attachment_175\" style=\"width: 991px\" class=\"wp-caption alignnone\"><img loading=\"lazy\" decoding=\"async\" aria-describedby=\"caption-attachment-175\" class=\"size-full wp-image-175\" src=\"http:\/\/www.ogranicznikprzepiec.pl\/wp-content\/uploads\/2018\/11\/Tabela-doboru-ogranicznik\u00f3w.png\" alt=\"Ograniczniki przepi\u0119\u0107 dla fotowoltaiki\" width=\"981\" height=\"161\" srcset=\"https:\/\/www.ogranicznikprzepiec.pl\/wp-content\/uploads\/2018\/11\/Tabela-doboru-ogranicznik\u00f3w.png 981w, https:\/\/www.ogranicznikprzepiec.pl\/wp-content\/uploads\/2018\/11\/Tabela-doboru-ogranicznik\u00f3w-300x49.png 300w, https:\/\/www.ogranicznikprzepiec.pl\/wp-content\/uploads\/2018\/11\/Tabela-doboru-ogranicznik\u00f3w-768x126.png 768w, https:\/\/www.ogranicznikprzepiec.pl\/wp-content\/uploads\/2018\/11\/Tabela-doboru-ogranicznik\u00f3w-900x148.png 900w\" sizes=\"(max-width: 981px) 100vw, 981px\" \/><p id=\"caption-attachment-175\" class=\"wp-caption-text\">Tabela doboru ogranicznik\u00f3w przepie\u0107 dla obiektu bez i z instalacj\u0105 odgromow\u0105<\/p><\/div>\n<p><strong>Opis:<br \/>\nLPS\u00a0<\/strong>\u2013 Instalacja odgromowa (ang. Lightning Protection System)<br \/>\n<strong>T1 dla PV<\/strong>\u00a0\u2013 w praktyce stosuje si\u0119 typy T1\/T2 lub T1 do obwod\u00f3w DC PV<br \/>\n<strong>T1<\/strong>\u00a0\u2013 nale\u017cy stosowa\u0107 typ T1 lub T1+T2 lub T1\/T2 do obwod\u00f3w AC<br \/>\n<strong>1<\/strong>\u00a0\u2013 SPD typu T2 dla PV lub T1 dla PV zgodnego z IEC 61643-31<br \/>\n<strong>1\u2019<\/strong>\u00a0\u2013 SPD typu T2 dla PV lub T1 dla PV zgodnego z IEC 61643-31<br \/>\n<strong>2<\/strong>\u00a0\u2013 SPD typu T1 lub T2 zgodnie z IEC 60364-5-53 cz\u0119\u015b\u0107 534 oraz zgodnie z IEC 61643-11<br \/>\n<strong>2\u2019\u00a0<\/strong>\u2013 SPD typu T1 lub T2 zgodnie z IEC 61643-11<\/p>\n<p><strong>SPD w miejscu 2\u2019 nie jest wymagany gdy:<\/strong><\/p>\n<ul>\n<li>falownik i g\u0142\u00f3wna skrzynka rozdzielcza budynku s\u0105 po\u0142\u0105czone do tej samej listwy uziemiaj\u0105cej ka\u017cdy przewodem o d\u0142ugo\u015bci \u2264 0,5m (gdy falownik znajduje si\u0119 w g\u0142\u00f3wnej szafie)<br \/>\n<em>lub<\/em><\/li>\n<li>przewody od SPD w g\u0142\u00f3wnej skrzynce do falownika s\u0105 &lt;10m i przew\u00f3d PE jest poprowadzony razem z przewodami zasilaj\u0105cymi AC<\/li>\n<\/ul>\n<p><strong>SPD w miejscu 1\u2019 nie jest wymagany gdy:<br \/>\n<\/strong><\/p>\n<ul>\n<li>przewody od falownika do generatora s\u0105 &lt;10m i poziom ochrony U<sub>p\u00a0<\/sub>ogranicznika zainstalowanego w miejscu 1 jest ni\u017cszy lub r\u00f3wny 0,8 U<sub>w<\/sub>\u00a0napi\u0119cia wytrzymywanego generatora<br \/>\n<em>lub<\/em><\/li>\n<li>poziom ochrony U<sub>p<\/sub>\u00a0ogranicznika zainstalowanego w miejscu 1 jest ni\u017cszy lub r\u00f3wny 0,5 U<sub>w<\/sub>\u00a0napi\u0119cia wytrzymywanego generatora<\/li>\n<\/ul>\n<h2><strong>Rozwi\u0105zania ochrony przed przepi\u0119ciami instalacji fotowoltaicznych, jakie polecam, do zastosowania w zale\u017cno\u015bci od aplikacji:<\/strong><\/h2>\n<p><strong>Opcja 1<\/strong><\/p>\n<ul>\n<li>Gotowe,wygodne w zastosowaniu\u00a0<strong>skrzynki z ogranicznikami przepi\u0119\u0107, o kt\u00f3rych pisa\u0142em poprzednio\u00a0KLIK<\/strong><\/li>\n<\/ul>\n<p><strong>Opcja 2<\/strong><\/p>\n<ul>\n<li>Ograniczniki przepi\u0119\u0107 serii\u00a0<strong>VAL-MS<\/strong>, poni\u017cej do wyboru modele na stron\u0119 AC i DC typy T1\/T2, T2 oba z i bez z\u0142\u0105cza komunikacyjnego. Ograniczniki nale\u017cy zamontowa\u0107 zgodnie z do\u0142\u0105czon\u0105 do nich instrukcj\u0105.<\/li>\n<\/ul>\n<h2><span style=\"font-size: 24pt;\">Seria VAL-MS, modele dedykowane na stron\u0119 DC:<\/span><\/h2>\n<p><img loading=\"lazy\" decoding=\"async\" class=\"size-full wp-image-176\" src=\"http:\/\/www.ogranicznikprzepiec.pl\/wp-content\/uploads\/2018\/11\/VAL-SEC1.png\" alt=\"\" width=\"831\" height=\"254\" srcset=\"https:\/\/www.ogranicznikprzepiec.pl\/wp-content\/uploads\/2018\/11\/VAL-SEC1.png 831w, https:\/\/www.ogranicznikprzepiec.pl\/wp-content\/uploads\/2018\/11\/VAL-SEC1-300x92.png 300w, https:\/\/www.ogranicznikprzepiec.pl\/wp-content\/uploads\/2018\/11\/VAL-SEC1-768x235.png 768w\" sizes=\"(max-width: 831px) 100vw, 831px\" \/><span style=\"font-size: 24pt;\">Seria VAL-MS, modele dedykowane na stron\u0119 AC:<\/span><img loading=\"lazy\" decoding=\"async\" class=\"alignnone size-full wp-image-177\" src=\"http:\/\/www.ogranicznikprzepiec.pl\/wp-content\/uploads\/2018\/11\/VAL-SEC2.png\" alt=\"\" width=\"800\" height=\"380\" srcset=\"https:\/\/www.ogranicznikprzepiec.pl\/wp-content\/uploads\/2018\/11\/VAL-SEC2.png 800w, https:\/\/www.ogranicznikprzepiec.pl\/wp-content\/uploads\/2018\/11\/VAL-SEC2-300x143.png 300w, https:\/\/www.ogranicznikprzepiec.pl\/wp-content\/uploads\/2018\/11\/VAL-SEC2-768x365.png 768w\" sizes=\"(max-width: 800px) 100vw, 800px\" \/>W przypadku ogranicznik\u00f3w Phoenix Contact jest mo\u017cliwo\u015b\u0107\u00a0<strong>badania elektrycznego<\/strong>\u00a0ogranicznik\u00f3w przepi\u0119\u0107 kt\u00f3re to nale\u017cy wykonywa\u0107 zgodnie z norm\u0105\u00a0<strong>PN-EN 62305-3<\/strong>. Badanie wykonuje si\u0119 przy pomocy urz\u0105dzenia CHECKMASTER 2:<\/p>\n<p><img loading=\"lazy\" decoding=\"async\" class=\"alignnone size-full wp-image-178\" src=\"http:\/\/www.ogranicznikprzepiec.pl\/wp-content\/uploads\/2018\/11\/VAL-SEC3.jpeg\" alt=\"\" width=\"408\" height=\"408\" srcset=\"https:\/\/www.ogranicznikprzepiec.pl\/wp-content\/uploads\/2018\/11\/VAL-SEC3.jpeg 408w, https:\/\/www.ogranicznikprzepiec.pl\/wp-content\/uploads\/2018\/11\/VAL-SEC3-150x150.jpeg 150w, https:\/\/www.ogranicznikprzepiec.pl\/wp-content\/uploads\/2018\/11\/VAL-SEC3-300x300.jpeg 300w, https:\/\/www.ogranicznikprzepiec.pl\/wp-content\/uploads\/2018\/11\/VAL-SEC3-88x88.jpeg 88w\" sizes=\"(max-width: 408px) 100vw, 408px\" \/><\/p>\n<p>Badanie umo\u017cliwia prewencyjn\u0105 wymian\u0105 wk\u0142\u0105dki\/ogranicznika, gdy ogranicznik zbli\u017ca si\u0119 do kresu swoich mo\u017cliwo\u015bci ale status jest nadal \u201ezielony\u201d. Dzi\u0119ki temu zapobiegamy nawet chwilowemu brakowi ochrony. Po badaniu wyniki mo\u017cna zaspia\u0107 na pami\u0119ci USB i wydrukowa\u0107 pisemny raport, kt\u00f3ry mo\u017ce stanowi\u0107 wa\u017cny dow\u00f3d przy ewentualnym dochodzeniu odszkodowa\u0144.<\/p>\n","protected":false},"excerpt":{"rendered":"<p>Opisane sytuacje i rozwi\u0105zania s\u0105 zgodne z najnowsz\u0105 norm\u0105\u00a0IEC 61643-32 Czynniki wp\u0142ywaj\u0105ce na ilo\u015b\u0107 i typ ogranicznik\u00f3w przepi\u0119\u0107 jakie nale\u017cy zastosowa\u0107 oraz miejsce ich instalacji: typu i po\u0142o\u017cenie obiektu obecno\u015bci lub brak instalacji odgromowej\u00a0LPS\u00a0(ang. Lightning Protection System), d\u0142ugo\u015bci przewod\u00f3w po\u0142\u0105czeniowych, mo\u017cliwo\u015bci zachowania dystansu separacyjnego pomi\u0119dzy piorunochronem a instalacj\u0105 fotowoltaiczn\u0105. Tabela: jakie ograniczniki przepi\u0119\u0107 nale\u017cy zastosowa\u0107 [&hellip;]<\/p>\n","protected":false},"author":1,"featured_media":0,"parent":0,"menu_order":0,"comment_status":"closed","ping_status":"closed","template":"","meta":{"footnotes":""},"featured_image_src":null,"featured_image_src_square":null,"_links":{"self":[{"href":"https:\/\/www.ogranicznikprzepiec.pl\/index.php\/wp-json\/wp\/v2\/pages\/181"}],"collection":[{"href":"https:\/\/www.ogranicznikprzepiec.pl\/index.php\/wp-json\/wp\/v2\/pages"}],"about":[{"href":"https:\/\/www.ogranicznikprzepiec.pl\/index.php\/wp-json\/wp\/v2\/types\/page"}],"author":[{"embeddable":true,"href":"https:\/\/www.ogranicznikprzepiec.pl\/index.php\/wp-json\/wp\/v2\/users\/1"}],"replies":[{"embeddable":true,"href":"https:\/\/www.ogranicznikprzepiec.pl\/index.php\/wp-json\/wp\/v2\/comments?post=181"}],"version-history":[{"count":2,"href":"https:\/\/www.ogranicznikprzepiec.pl\/index.php\/wp-json\/wp\/v2\/pages\/181\/revisions"}],"predecessor-version":[{"id":185,"href":"https:\/\/www.ogranicznikprzepiec.pl\/index.php\/wp-json\/wp\/v2\/pages\/181\/revisions\/185"}],"wp:attachment":[{"href":"https:\/\/www.ogranicznikprzepiec.pl\/index.php\/wp-json\/wp\/v2\/media?parent=181"}],"curies":[{"name":"wp","href":"https:\/\/api.w.org\/{rel}","templated":true}]}}