{"id":16,"date":"2018-08-21T20:42:13","date_gmt":"2018-08-21T20:42:13","guid":{"rendered":"http:\/\/www.ogranicznikprzepiec.pl\/?page_id=16"},"modified":"2018-11-01T11:22:37","modified_gmt":"2018-11-01T11:22:37","slug":"normy","status":"publish","type":"page","link":"https:\/\/www.ogranicznikprzepiec.pl\/index.php\/normy\/","title":{"rendered":"NORMY"},"content":{"rendered":"\r\n\r\nPN-IEC 61643-1:2001 Urz\u0105dzenia do ograniczania przepi\u0119\u0107 w sieciach rozdzielczych niskiego\r\nnapi\u0119cia \u2013 Cz\u0119\u015b\u0107 1: Wymagania techniczne i metody bada\u0144.\r\nIEC 61643-12 Surge protective devices connected to low voltage power distribution systems.\r\nSelection and application principles.\r\nPN-IEC 61312-1:2001 Ochrona przed piorunowym impulsem elektromagnetycznym \u2013 Zasady\r\nog\u00f3lne.\r\n\u00d6VE NORM E 8001-1 Erection of electrical installations with rated voltages up to a.c. 1000 V\r\nand d.c. 1500 V \u2013 Part 1: Definitions and measures against electric shock.\r\nPN-IEC 60364-4-443:1999 Instalacje elektryczne w obiektach budowlanych \u2013 Cz\u00ea\u0153\u00e6: 4-443:\r\nOchrona dla zapewnienia bezpiecze\u00f1stwa \u2013 Ochrona przed zaburzeniami napi\u0119ciowymi\r\ni zaburzeniami elektromagnetycznymi \u2013 Ochrona przed przepi\u0119ciami atmosferycznymi\r\nlub \u0142\u0105czeniowymi.\r\nPN-EN 61000-4-5:1998 Kompatybilno\u015b\u0107 elektromagnetyczna (EMC) \u2013 Metody bada\u0144 i pomiar\u00f3w\r\n\u2013 Badanie odporno\u015bci na udary.\r\nPN-EN 62305-1:2006 (U) Ochrona odgromowa \u2013 Cz\u00ea\u0153\u00e6 1: Wymagania og\u00f3lne.\r\nPN-EN 62305-2:2006 (U) Ochrona odgromowa \u2013 Cz\u00ea\u0153\u00e6 2: Zarz\u0105dzanie ryzykiem.\r\nPN-EN 62305-3:2006 (U) Ochrona odgromowa \u2013 Cz\u00ea\u0153\u00e6 3: Uszkodzenia fizyczne obiekt\u00f3w\r\nbudowlanych i zagro\u017cenie \u017cycia.\r\nPN-EN 62305-4:2006 (U) Ochrona odgromowa \u2013 Cz\u00ea\u0153\u00e6 4: Urz\u0105dzenia elektryczne i elektroniczne\r\nw obiektach budowlanych.\r\n\r\n","protected":false},"excerpt":{"rendered":"<p>PN-IEC 61643-1:2001 Urz\u0105dzenia do ograniczania przepi\u0119\u0107 w sieciach rozdzielczych niskiego napi\u0119cia \u2013 Cz\u0119\u015b\u0107 1: Wymagania techniczne i metody bada\u0144. IEC 61643-12 Surge protective devices connected to low voltage power distribution systems. Selection and application principles. PN-IEC 61312-1:2001 Ochrona przed piorunowym impulsem elektromagnetycznym \u2013 Zasady og\u00f3lne. \u00d6VE NORM E 8001-1 Erection of electrical installations with rated [&hellip;]<\/p>\n","protected":false},"author":1,"featured_media":0,"parent":0,"menu_order":0,"comment_status":"closed","ping_status":"closed","template":"","meta":{"footnotes":""},"featured_image_src":null,"featured_image_src_square":null,"_links":{"self":[{"href":"https:\/\/www.ogranicznikprzepiec.pl\/index.php\/wp-json\/wp\/v2\/pages\/16"}],"collection":[{"href":"https:\/\/www.ogranicznikprzepiec.pl\/index.php\/wp-json\/wp\/v2\/pages"}],"about":[{"href":"https:\/\/www.ogranicznikprzepiec.pl\/index.php\/wp-json\/wp\/v2\/types\/page"}],"author":[{"embeddable":true,"href":"https:\/\/www.ogranicznikprzepiec.pl\/index.php\/wp-json\/wp\/v2\/users\/1"}],"replies":[{"embeddable":true,"href":"https:\/\/www.ogranicznikprzepiec.pl\/index.php\/wp-json\/wp\/v2\/comments?post=16"}],"version-history":[{"count":7,"href":"https:\/\/www.ogranicznikprzepiec.pl\/index.php\/wp-json\/wp\/v2\/pages\/16\/revisions"}],"predecessor-version":[{"id":169,"href":"https:\/\/www.ogranicznikprzepiec.pl\/index.php\/wp-json\/wp\/v2\/pages\/16\/revisions\/169"}],"wp:attachment":[{"href":"https:\/\/www.ogranicznikprzepiec.pl\/index.php\/wp-json\/wp\/v2\/media?parent=16"}],"curies":[{"name":"wp","href":"https:\/\/api.w.org\/{rel}","templated":true}]}}