{"id":159,"date":"2018-11-01T10:58:03","date_gmt":"2018-11-01T10:58:03","guid":{"rendered":"http:\/\/www.ogranicznikprzepiec.pl\/?page_id=159"},"modified":"2018-11-02T11:43:48","modified_gmt":"2018-11-02T11:43:48","slug":"sklep-ogranicznik-przepiec","status":"publish","type":"page","link":"https:\/\/www.ogranicznikprzepiec.pl\/index.php\/sklep-ogranicznik-przepiec\/","title":{"rendered":"SKLEP"},"content":{"rendered":"<div id=\"attachment_166\" style=\"width: 953px\" class=\"wp-caption aligncenter\"><a href=\"https:\/\/www.phoenixcontact.com\/online\/portal\/pl?1dmy&amp;urile=wcm%3apath%3a\/plpl\/web\/corporate\/contact\/subcategory_pages\/Dystrybutorzy\/802b3246-80a1-4ff1-9cd3-b8f57120b12f\"><img loading=\"lazy\" decoding=\"async\" aria-describedby=\"caption-attachment-166\" class=\"wp-image-166 size-full\" src=\"http:\/\/www.ogranicznikprzepiec.pl\/wp-content\/uploads\/2018\/11\/Sklep.png\" alt=\"\" width=\"943\" height=\"430\" srcset=\"https:\/\/www.ogranicznikprzepiec.pl\/wp-content\/uploads\/2018\/11\/Sklep.png 943w, https:\/\/www.ogranicznikprzepiec.pl\/wp-content\/uploads\/2018\/11\/Sklep-300x137.png 300w, https:\/\/www.ogranicznikprzepiec.pl\/wp-content\/uploads\/2018\/11\/Sklep-768x350.png 768w, https:\/\/www.ogranicznikprzepiec.pl\/wp-content\/uploads\/2018\/11\/Sklep-900x410.png 900w\" sizes=\"(max-width: 943px) 100vw, 943px\" \/><\/a><p id=\"caption-attachment-166\" class=\"wp-caption-text\">Lista sklep\u00f3w z ogranicznikami przepi\u0119\u0107<\/p><\/div>\n","protected":false},"excerpt":{"rendered":"","protected":false},"author":1,"featured_media":0,"parent":0,"menu_order":0,"comment_status":"closed","ping_status":"closed","template":"","meta":{"footnotes":""},"featured_image_src":null,"featured_image_src_square":null,"_links":{"self":[{"href":"https:\/\/www.ogranicznikprzepiec.pl\/index.php\/wp-json\/wp\/v2\/pages\/159"}],"collection":[{"href":"https:\/\/www.ogranicznikprzepiec.pl\/index.php\/wp-json\/wp\/v2\/pages"}],"about":[{"href":"https:\/\/www.ogranicznikprzepiec.pl\/index.php\/wp-json\/wp\/v2\/types\/page"}],"author":[{"embeddable":true,"href":"https:\/\/www.ogranicznikprzepiec.pl\/index.php\/wp-json\/wp\/v2\/users\/1"}],"replies":[{"embeddable":true,"href":"https:\/\/www.ogranicznikprzepiec.pl\/index.php\/wp-json\/wp\/v2\/comments?post=159"}],"version-history":[{"count":5,"href":"https:\/\/www.ogranicznikprzepiec.pl\/index.php\/wp-json\/wp\/v2\/pages\/159\/revisions"}],"predecessor-version":[{"id":228,"href":"https:\/\/www.ogranicznikprzepiec.pl\/index.php\/wp-json\/wp\/v2\/pages\/159\/revisions\/228"}],"wp:attachment":[{"href":"https:\/\/www.ogranicznikprzepiec.pl\/index.php\/wp-json\/wp\/v2\/media?parent=159"}],"curies":[{"name":"wp","href":"https:\/\/api.w.org\/{rel}","templated":true}]}}